{"id":1003,"date":"2013-01-11T17:15:10","date_gmt":"2013-01-11T22:15:10","guid":{"rendered":"https:\/\/lylafilms.com\/lacompagnie\/helene-thiffault\/"},"modified":"2015-12-03T13:02:38","modified_gmt":"2015-12-03T18:02:38","slug":"helene-thiffault","status":"publish","type":"page","link":"https:\/\/lylafilms.com\/en\/lacompagnie\/helene-thiffault\/","title":{"rendered":"H\u00e9l\u00e8ne Thiffault"},"content":{"rendered":"<p>After studying in communications, H\u00e9l\u00e8ne started a career in production when she joined \u201cPublicit\u00e9 Complice\u201d to become their new advertising producer for radio and television. \u00a0She worked there for almost 10 years.\u00a0 In 1989, she moved to Paris, where she was hired by T\u00e9l\u00e9film Canada\u2019s satellite office as their liaison officer for the cinema and television industry, ensuring their presence in different markets and festivals on the European territory. Upon her return to Quebec, in 1997, H\u00e9l\u00e8ne brought her experience to the Bureau of International affairs at the Sodec where she helped with the first edition of\u00a0 \u201cLes journ\u00e9es du Cin\u00e9ma du Qu\u00e9bec\u201d in Paris. Still for the Sodec \u00a0she facilitated Quebec\u2019s presence at Midem, Mip-tv, and at the Cannes Festival.<\/p>\n<p>Since 2000, whether under the name of Productions Equinoxe or Lyla Films, H\u00e9l\u00e8ne has been an active participant in every project developed by Lyse Lafontaine.\u00a0\u00a0 As Coordinator of Development and Operations, she was able to follow the creation of different movies like Lauzon Lauzone, Laurence Anyways, Camping Sauvage or Mommy\u2019s at the Hairdresser.<\/p>\n","protected":false},"excerpt":{"rendered":"<p><em>2013-01-11<\/em> &#8211; After studying in communications, H\u00e9l\u00e8ne started a career in production when she joined \u201cPublicit\u00e9 Complice\u201d to become their new advertising producer for radio and television. \u00a0She worked there for almost<a class=\"excerpt-read-more\" href=\"https:\/\/lylafilms.com\/en\/lacompagnie\/helene-thiffault\/\" title=\"ReadH\u00e9l\u00e8ne Thiffault\">&#8230; Read more &raquo;<\/a><\/p>\n","protected":false},"author":7,"featured_media":1464,"parent":958,"menu_order":30,"comment_status":"open","ping_status":"open","template":"page-lequipe.php","meta":{"footnotes":""},"class_list":["post-1003","page","type-page","status-publish","has-post-thumbnail","hentry"],"acf":[],"_links":{"self":[{"href":"https:\/\/lylafilms.com\/en\/wp-json\/wp\/v2\/pages\/1003","targetHints":{"allow":["GET"]}}],"collection":[{"href":"https:\/\/lylafilms.com\/en\/wp-json\/wp\/v2\/pages"}],"about":[{"href":"https:\/\/lylafilms.com\/en\/wp-json\/wp\/v2\/types\/page"}],"author":[{"embeddable":true,"href":"https:\/\/lylafilms.com\/en\/wp-json\/wp\/v2\/users\/7"}],"replies":[{"embeddable":true,"href":"https:\/\/lylafilms.com\/en\/wp-json\/wp\/v2\/comments?post=1003"}],"version-history":[{"count":8,"href":"https:\/\/lylafilms.com\/en\/wp-json\/wp\/v2\/pages\/1003\/revisions"}],"predecessor-version":[{"id":2518,"href":"https:\/\/lylafilms.com\/en\/wp-json\/wp\/v2\/pages\/1003\/revisions\/2518"}],"up":[{"embeddable":true,"href":"https:\/\/lylafilms.com\/en\/wp-json\/wp\/v2\/pages\/958"}],"wp:featuredmedia":[{"embeddable":true,"href":"https:\/\/lylafilms.com\/en\/wp-json\/wp\/v2\/media\/1464"}],"wp:attachment":[{"href":"https:\/\/lylafilms.com\/en\/wp-json\/wp\/v2\/media?parent=1003"}],"curies":[{"name":"wp","href":"https:\/\/api.w.org\/{rel}","templated":true}]}}